{"id":13395,"date":"2022-11-09T02:59:36","date_gmt":"2022-11-09T02:59:36","guid":{"rendered":"http:\/\/mwindows.nl\/polityka-prywatnosci\/"},"modified":"2022-12-15T04:16:29","modified_gmt":"2022-12-15T04:16:29","slug":"polityka-prywatnosci","status":"publish","type":"page","link":"https:\/\/mwindows.nl\/pl\/polityka-prywatnosci\/","title":{"rendered":"Polityka prywatno\u015bci"},"content":{"rendered":"\n<p>W MWindows, dost\u0119pnym pod adresem http:\/\/mwindows.nl, jednym z naszych g\u0142\u00f3wnych priorytet\u00f3w jest prywatno\u015b\u0107 naszych go\u015bci. Niniejszy dokument dotycz\u0105cy polityki prywatno\u015bci zawiera rodzaje informacji gromadzonych i rejestrowanych przez MWindows oraz spos\u00f3b ich wykorzystania.<\/p>\n\n\n\n<p>Je\u015bli masz dodatkowe pytania lub potrzebujesz wi\u0119cej informacji na temat naszej Polityki Prywatno\u015bci, nie wahaj si\u0119 z nami skontaktowa\u0107.<\/p>\n\n\n\n<p>Niniejsza polityka prywatno\u015bci dotyczy wy\u0142\u0105cznie naszej dzia\u0142alno\u015bci online i obowi\u0105zuje osoby odwiedzaj\u0105ce nasz\u0105 witryn\u0119 w odniesieniu do informacji udost\u0119pnianych i\/lub gromadzonych w MWindows. Niniejsza polityka nie ma zastosowania do \u017cadnych informacji zebranych offline lub za po\u015brednictwem kana\u0142\u00f3w innych ni\u017c ta strona internetowa. <\/p>\n\n\n\n<h2 class=\"wp-block-heading\">Zgoda<\/h2>\n\n\n\n<p>Korzystaj\u0105c z naszej strony internetowej, niniejszym wyra\u017casz zgod\u0119 na nasz\u0105 Polityk\u0119 Prywatno\u015bci i akceptujesz jej warunki.<\/p>\n\n\n\n<h2 class=\"wp-block-heading\">Informacje, kt\u00f3re zbieramy<\/h2>\n\n\n\n<p>Dane osobowe, o kt\u00f3re u\u017cytkownik jest proszony, oraz powody, dla kt\u00f3rych jest proszony o ich podanie, zostan\u0105 mu wyja\u015bnione w momencie, gdy poprosimy go o podanie danych osobowych.<\/p>\n\n\n\n<p>Je\u015bli skontaktujesz si\u0119 z nami bezpo\u015brednio, mo\u017cemy otrzyma\u0107 dodatkowe informacje o Tobie, takie jak imi\u0119 i nazwisko, adres e-mail, numer telefonu, tre\u015b\u0107 wiadomo\u015bci i\/lub za\u0142\u0105cznik\u00f3w, kt\u00f3re mo\u017cesz nam wys\u0142a\u0107, oraz wszelkie inne informacje, kt\u00f3re zdecydujesz si\u0119 poda\u0107.<\/p>\n\n\n\n<p>Podczas rejestracji Konta mo\u017cemy poprosi\u0107 o podanie danych kontaktowych, w tym takich element\u00f3w jak imi\u0119 i nazwisko, nazwa firmy, adres, adres e-mail i numer telefonu.<\/p>\n\n\n\n<h2 class=\"wp-block-heading\">Jak wykorzystujemy Twoje informacje<\/h2>\n\n\n\n<p>Gromadzone przez nas informacje wykorzystujemy na r\u00f3\u017cne sposoby, w tym do:<\/p>\n\n\n\n<ul class=\"wp-block-list\">\n<li>Zapewnienie, obs\u0142uga i utrzymanie naszej strony internetowej<\/li>\n\n\n\n<li>Ulepsza\u0107, personalizowa\u0107 i rozszerza\u0107 nasz\u0105 stron\u0119 internetow\u0105<\/li>\n\n\n\n<li>Zrozumienie i analiza sposobu korzystania z naszej strony internetowej<\/li>\n\n\n\n<li>Opracowanie nowych produkt\u00f3w, us\u0142ug, cech i funkcjonalno\u015bci<\/li>\n\n\n\n<li>Komunikowanie si\u0119 z Tob\u0105, bezpo\u015brednio lub za po\u015brednictwem jednego z naszych partner\u00f3w, w tym w celu obs\u0142ugi klienta, dostarczania Ci aktualizacji i innych informacji zwi\u0105zanych ze stron\u0105 internetow\u0105 oraz w celach marketingowych i promocyjnych<\/li>\n\n\n\n<li>Wysy\u0142anie e-maili<\/li>\n\n\n\n<li>Wykrywanie i zapobieganie oszustwom<\/li>\n<\/ul>\n\n\n\n<h2 class=\"wp-block-heading\">Pliki dziennika<\/h2>\n\n\n\n<p>MWindows stosuje standardow\u0105 procedur\u0119 korzystania z plik\u00f3w dziennika. Pliki te rejestruj\u0105 odwiedzaj\u0105cych podczas ich wizyt na stronach internetowych. Wszystkie firmy hostingowe robi\u0105 to i cz\u0119\u015b\u0107 analityki us\u0142ug hostingowych. Informacje zbierane przez pliki dziennika obejmuj\u0105 adresy protoko\u0142u internetowego (IP), typ przegl\u0105darki, dostawc\u0119 us\u0142ug internetowych (ISP), znacznik daty i czasu, strony odsy\u0142aj\u0105ce\/wychodz\u0105ce oraz ewentualnie liczb\u0119 klikni\u0119\u0107. Nie s\u0105 one powi\u0105zane z \u017cadnymi informacjami, kt\u00f3re mo\u017cna zidentyfikowa\u0107 osobi\u015bcie. Celem tych informacji jest analizowanie trend\u00f3w, administrowanie stron\u0105, \u015bledzenie ruchu u\u017cytkownik\u00f3w na stronie oraz zbieranie informacji demograficznych.<\/p>\n\n\n\n<h2 class=\"wp-block-heading\">Pliki cookie i sygnalizatory WWW<\/h2>\n\n\n\n<p>Jak ka\u017cda inna witryna internetowa, MWindows u\u017cywa plik\u00f3w &#8222;cookie&#8221;. Te pliki cookie s\u0105 wykorzystywane do przechowywania informacji, w tym preferencji odwiedzaj\u0105cych oraz stron w witrynie, do kt\u00f3rych odwiedzaj\u0105cy uzyska\u0142 dost\u0119p lub kt\u00f3re odwiedzi\u0142. Informacje te s\u0105 wykorzystywane do optymalizacji do\u015bwiadcze\u0144 u\u017cytkownik\u00f3w poprzez dostosowanie zawarto\u015bci naszej strony internetowej w oparciu o typ przegl\u0105darki odwiedzaj\u0105cego i\/lub inne informacje.<\/p>\n\n\n\n<h2 class=\"wp-block-heading\">Polityka prywatno\u015bci partner\u00f3w reklamowych<\/h2>\n\n\n\n<p>Mo\u017cesz zapozna\u0107 si\u0119 z t\u0105 list\u0105, aby znale\u017a\u0107 polityk\u0119 prywatno\u015bci ka\u017cdego z partner\u00f3w reklamowych MWindows.<\/p>\n\n\n\n<p>Zewn\u0119trzne serwery reklamowe lub sieci reklamowe wykorzystuj\u0105 technologie takie jak pliki cookie, JavaScript lub sygnalizatory WWW, kt\u00f3re s\u0105 u\u017cywane w ich odpowiednich reklamach i linkach pojawiaj\u0105cych si\u0119 w serwisie MWindows, kt\u00f3re s\u0105 wysy\u0142ane bezpo\u015brednio do przegl\u0105darki u\u017cytkownika. Gdy to nast\u0105pi, automatycznie otrzymuj\u0105 Tw\u00f3j adres IP. Technologie te s\u0105 wykorzystywane do pomiaru skuteczno\u015bci ich kampanii reklamowych i\/lub do personalizacji tre\u015bci reklamowych, kt\u00f3re widzisz na odwiedzanych przez Ciebie stronach internetowych.<\/p>\n\n\n\n<p>Nale\u017cy pami\u0119ta\u0107, \u017ce MWindows nie ma dost\u0119pu ani kontroli nad tymi plikami cookie, kt\u00f3re s\u0105 wykorzystywane przez reklamodawc\u00f3w zewn\u0119trznych.<\/p>\n\n\n\n<h2 class=\"wp-block-heading\">Polityki prywatno\u015bci stron trzecich<\/h2>\n\n\n\n<p>Polityka prywatno\u015bci MWindows nie dotyczy innych reklamodawc\u00f3w ani witryn internetowych. Dlatego zalecamy zapoznanie si\u0119 z odpowiednimi politykami prywatno\u015bci tych zewn\u0119trznych serwer\u00f3w reklamowych w celu uzyskania bardziej szczeg\u00f3\u0142owych informacji. Mo\u017ce ona zawiera\u0107 ich praktyki oraz instrukcje dotycz\u0105ce sposobu rezygnacji z pewnych opcji.<\/p>\n\n\n\n<p>Mo\u017cesz wybra\u0107 wy\u0142\u0105czenie plik\u00f3w cookies poprzez indywidualne opcje przegl\u0105darki. Bardziej szczeg\u00f3\u0142owe informacje na temat zarz\u0105dzania plikami cookie w poszczeg\u00f3lnych przegl\u0105darkach internetowych mo\u017cna znale\u017a\u0107 na stronach internetowych tych przegl\u0105darek.<\/p>\n\n\n\n<h2 class=\"wp-block-heading\">Prawa prywatno\u015bci CCPA (Nie sprzedawaj moich danych osobowych)<\/h2>\n\n\n\n<p>Zgodnie z CCPA, opr\u00f3cz innych praw, kalifornijscy konsumenci maj\u0105 prawo do:<\/p>\n\n\n\n<p>\u017b\u0105danie od przedsi\u0119biorcy, kt\u00f3ry gromadzi dane osobowe konsument\u00f3w, ujawnienia kategorii i konkretnych element\u00f3w danych osobowych, kt\u00f3re przedsi\u0119biorca zgromadzi\u0142 na temat konsument\u00f3w.<\/p>\n\n\n\n<p>Za\u017c\u0105da\u0107 od przedsi\u0119biorcy usuni\u0119cia wszelkich danych osobowych o konsumencie, kt\u00f3re przedsi\u0119biorca zgromadzi\u0142.<\/p>\n\n\n\n<p>\u017b\u0105danie, aby przedsi\u0119biorca, kt\u00f3ry sprzedaje dane osobowe konsumenta, nie sprzedawa\u0142 danych osobowych konsumenta.<\/p>\n\n\n\n<p>Je\u015bli z\u0142o\u017cysz wniosek, mamy miesi\u0105c na udzielenie Ci odpowiedzi. Je\u015bli chcesz skorzysta\u0107 z kt\u00f3rego\u015b z tych praw, skontaktuj si\u0119 z nami.<\/p>\n\n\n\n<h2 class=\"wp-block-heading\">Prawa do ochrony danych GDPR<\/h2>\n\n\n\n<p>Chcieliby\u015bmy si\u0119 upewni\u0107, \u017ce s\u0105 Pa\u0144stwo w pe\u0142ni \u015bwiadomi wszystkich swoich praw zwi\u0105zanych z ochron\u0105 danych osobowych. Ka\u017cdy u\u017cytkownik ma prawo do:<\/p>\n\n\n\n<p>Prawo dost\u0119pu &#8211; Masz prawo za\u017c\u0105da\u0107 kopii swoich danych osobowych. Mo\u017cemy pobra\u0107 niewielk\u0105 op\u0142at\u0119 za t\u0119 us\u0142ug\u0119.<\/p>\n\n\n\n<p>Prawo do sprostowania &#8211; Masz prawo za\u017c\u0105da\u0107, aby\u015bmy poprawili wszelkie informacje, kt\u00f3re uwa\u017casz za niedok\u0142adne. Masz r\u00f3wnie\u017c prawo za\u017c\u0105da\u0107 od nas uzupe\u0142nienia informacji, kt\u00f3re uwa\u017casz za niekompletne.<\/p>\n\n\n\n<p>Prawo do usuni\u0119cia danych &#8211; masz prawo za\u017c\u0105da\u0107 od nas usuni\u0119cia Twoich danych osobowych, pod pewnymi warunkami.<\/p>\n\n\n\n<p>Prawo do ograniczenia przetwarzania &#8211; Masz prawo za\u017c\u0105da\u0107, aby\u015bmy ograniczyli przetwarzanie Twoich danych osobowych, pod pewnymi warunkami.<\/p>\n\n\n\n<p>Prawo do sprzeciwu wobec przetwarzania &#8211; Masz prawo do wniesienia sprzeciwu wobec przetwarzania przez nas Twoich danych osobowych, pod pewnymi warunkami.<\/p>\n\n\n\n<p>Prawo do przenoszenia danych &#8211; Masz prawo \u017c\u0105da\u0107, aby\u015bmy pod pewnymi warunkami przekazali zebrane przez nas dane innej organizacji lub bezpo\u015brednio Tobie.<\/p>\n\n\n\n<p>Je\u015bli z\u0142o\u017cysz wniosek, mamy miesi\u0105c na udzielenie Ci odpowiedzi. Je\u015bli chcesz skorzysta\u0107 z kt\u00f3rego\u015b z tych praw, skontaktuj si\u0119 z nami.<\/p>\n\n\n\n<h2 class=\"wp-block-heading\">Informacje o dzieciach<\/h2>\n\n\n\n<p>Kolejnym elementem naszego priorytetu jest dodanie ochrony dla dzieci podczas korzystania z internetu. Zach\u0119camy rodzic\u00f3w i opiekun\u00f3w do obserwowania, uczestniczenia i\/lub monitorowania i kierowania ich aktywno\u015bci\u0105 online.<\/p>\n\n\n\n<p>MWindows nie zbiera \u015bwiadomie \u017cadnych danych osobowych od dzieci poni\u017cej 13 roku \u017cycia. Je\u015bli uwa\u017casz, \u017ce Twoje dziecko poda\u0142o tego rodzaju informacje na naszej stronie internetowej, gor\u0105co zach\u0119camy do natychmiastowego kontaktu z nami, a my do\u0142o\u017cymy wszelkich stara\u0144, aby niezw\u0142ocznie usun\u0105\u0107 takie informacje z naszych rejestr\u00f3w.<\/p>\n","protected":false},"excerpt":{"rendered":"<p>W MWindows, dost\u0119pnym pod adresem http:\/\/mwindows.nl, jednym z naszych g\u0142\u00f3wnych priorytet\u00f3w jest prywatno\u015b\u0107 naszych go\u015bci. Niniejszy dokument dotycz\u0105cy polityki prywatno\u015bci<\/p>\n","protected":false},"author":1,"featured_media":0,"parent":0,"menu_order":0,"comment_status":"closed","ping_status":"open","template":"","meta":{"footnotes":""},"class_list":["post-13395","page","type-page","status-publish","hentry"],"_links":{"self":[{"href":"https:\/\/mwindows.nl\/pl\/wp-json\/wp\/v2\/pages\/13395","targetHints":{"allow":["GET"]}}],"collection":[{"href":"https:\/\/mwindows.nl\/pl\/wp-json\/wp\/v2\/pages"}],"about":[{"href":"https:\/\/mwindows.nl\/pl\/wp-json\/wp\/v2\/types\/page"}],"author":[{"embeddable":true,"href":"https:\/\/mwindows.nl\/pl\/wp-json\/wp\/v2\/users\/1"}],"replies":[{"embeddable":true,"href":"https:\/\/mwindows.nl\/pl\/wp-json\/wp\/v2\/comments?post=13395"}],"version-history":[{"count":2,"href":"https:\/\/mwindows.nl\/pl\/wp-json\/wp\/v2\/pages\/13395\/revisions"}],"predecessor-version":[{"id":13519,"href":"https:\/\/mwindows.nl\/pl\/wp-json\/wp\/v2\/pages\/13395\/revisions\/13519"}],"wp:attachment":[{"href":"https:\/\/mwindows.nl\/pl\/wp-json\/wp\/v2\/media?parent=13395"}],"curies":[{"name":"wp","href":"https:\/\/api.w.org\/{rel}","templated":true}]}}